{"id":19,"date":"2025-01-30T23:47:34","date_gmt":"2025-01-30T22:47:34","guid":{"rendered":"https:\/\/www.zwirprom.pl\/?page_id=19"},"modified":"2025-02-12T13:58:35","modified_gmt":"2025-02-12T12:58:35","slug":"start","status":"publish","type":"page","link":"https:\/\/www.zwirprom.pl\/","title":{"rendered":"Start"},"content":{"rendered":"\t\t<div data-elementor-type=\"wp-page\" data-elementor-id=\"19\" class=\"elementor elementor-19\" data-elementor-post-type=\"page\">\n\t\t\t\t\t\t<section class=\"elementor-section elementor-top-section elementor-element elementor-element-18524d7f elementor-section-height-min-height elementor-section-boxed elementor-section-height-default elementor-section-items-middle\" data-id=\"18524d7f\" data-element_type=\"section\">\n\t\t\t\t\t\t<div class=\"elementor-container elementor-column-gap-default\">\n\t\t\t\t\t<div class=\"elementor-column elementor-col-100 elementor-top-column elementor-element elementor-element-482799f0\" data-id=\"482799f0\" data-element_type=\"column\">\n\t\t\t<div class=\"elementor-widget-wrap elementor-element-populated\">\n\t\t\t\t\t\t<section class=\"elementor-section elementor-inner-section elementor-element elementor-element-1c5097e0 elementor-section-boxed elementor-section-height-default elementor-section-height-default\" data-id=\"1c5097e0\" data-element_type=\"section\">\n\t\t\t\t\t\t<div class=\"elementor-container elementor-column-gap-default\">\n\t\t\t\t\t<div class=\"elementor-column elementor-col-100 elementor-inner-column elementor-element elementor-element-d1e1401\" data-id=\"d1e1401\" data-element_type=\"column\">\n\t\t\t<div class=\"elementor-widget-wrap\">\n\t\t\t\t\t\t\t<\/div>\n\t\t<\/div>\n\t\t\t\t\t<\/div>\n\t\t<\/section>\n\t\t\t\t<section class=\"elementor-section elementor-inner-section elementor-element elementor-element-4a8db54f elementor-section-boxed elementor-section-height-default elementor-section-height-default\" data-id=\"4a8db54f\" data-element_type=\"section\">\n\t\t\t\t\t\t<div class=\"elementor-container elementor-column-gap-default\">\n\t\t\t\t\t<div class=\"elementor-column elementor-col-50 elementor-inner-column elementor-element elementor-element-696cb4c9\" data-id=\"696cb4c9\" data-element_type=\"column\">\n\t\t\t<div class=\"elementor-widget-wrap elementor-element-populated\">\n\t\t\t\t\t\t<div class=\"elementor-element elementor-element-7ed5eb8a elementor-widget elementor-widget-image\" data-id=\"7ed5eb8a\" data-element_type=\"widget\" data-widget_type=\"image.default\">\n\t\t\t\t<div class=\"elementor-widget-container\">\n\t\t\t\t\t\t\t\t\t\t\t\t\t\t\t<img fetchpriority=\"high\" decoding=\"async\" width=\"694\" height=\"1024\" src=\"https:\/\/www.zwirprom.pl\/wp-content\/uploads\/2025\/02\/20240404_153948-scaled-e1739364151747-694x1024.jpg\" class=\"elementor-animation-hang attachment-large size-large wp-image-188\" alt=\"\u017cwir prom\" srcset=\"https:\/\/www.zwirprom.pl\/wp-content\/uploads\/2025\/02\/20240404_153948-scaled-e1739364151747-694x1024.jpg 694w, https:\/\/www.zwirprom.pl\/wp-content\/uploads\/2025\/02\/20240404_153948-scaled-e1739364151747-203x300.jpg 203w, https:\/\/www.zwirprom.pl\/wp-content\/uploads\/2025\/02\/20240404_153948-scaled-e1739364151747-768x1133.jpg 768w, https:\/\/www.zwirprom.pl\/wp-content\/uploads\/2025\/02\/20240404_153948-scaled-e1739364151747-1041x1536.jpg 1041w, https:\/\/www.zwirprom.pl\/wp-content\/uploads\/2025\/02\/20240404_153948-scaled-e1739364151747-1388x2048.jpg 1388w, https:\/\/www.zwirprom.pl\/wp-content\/uploads\/2025\/02\/20240404_153948-scaled-e1739364151747.jpg 1440w\" sizes=\"(max-width: 694px) 100vw, 694px\" \/>\t\t\t\t\t\t\t\t\t\t\t\t\t\t\t<\/div>\n\t\t\t\t<\/div>\n\t\t\t\t\t<\/div>\n\t\t<\/div>\n\t\t\t\t<div class=\"elementor-column elementor-col-50 elementor-inner-column elementor-element elementor-element-474a94a7\" data-id=\"474a94a7\" data-element_type=\"column\" data-settings=\"{&quot;background_background&quot;:&quot;classic&quot;}\">\n\t\t\t<div class=\"elementor-widget-wrap elementor-element-populated\">\n\t\t\t\t\t\t<div class=\"elementor-element elementor-element-480f78cc elementor-widget elementor-widget-heading\" data-id=\"480f78cc\" data-element_type=\"widget\" data-widget_type=\"heading.default\">\n\t\t\t\t<div class=\"elementor-widget-container\">\n\t\t\t\t\t<h3 class=\"elementor-heading-title elementor-size-default\">\u017bwir-Prom Sp\u00f3\u0142ka z o.o.<\/h3>\t\t\t\t<\/div>\n\t\t\t\t<\/div>\n\t\t\t\t<div class=\"elementor-element elementor-element-41f83f41 elementor-widget elementor-widget-text-editor\" data-id=\"41f83f41\" data-element_type=\"widget\" data-widget_type=\"text-editor.default\">\n\t\t\t\t<div class=\"elementor-widget-container\">\n\t\t\t\t\t\t\t\t\t<p class=\"f_14 ant p2\"><strong>NAJWI\u0118KSZY PRODUCENT I SPRZEDAWCA KRUSZYW BUDOWLANYCH W REGIONIE<\/strong><\/p><p>Jeste\u015bmy nowoczesn\u0105 oraz dynamicznie zarz\u0105dzan\u0105 firm\u0105, w kt\u00f3rej pracuje energiczna i profesjonalna kadra, b\u0119d\u0105ca w stanie sprosta\u0107 wszelkim wymaganiom klienta.<\/p><p><strong>Dzia\u0142alno\u015b\u0107 handlowa<\/strong>\u00a0firmy koncentruje si\u0119 wok\u00f3\u0142 wydobycia i handlu kruszywani budowlanymi we wszelkich asortymentach i klasach dost\u0119pnych na polskim rynku. Sprzeda\u017c\u0105 kruszyw zajmujemy si\u0119 od pocz\u0105tku dzia\u0142alno\u015bci firmy. Dotychczasowe do\u015bwiadczenie w handlu na rynku krajowym pozwoli\u0142o nam ugruntowa\u0107 nasz\u0105\u00a0<strong>pozycj\u0119 rzetelnego dostawcy<\/strong>.<\/p><p><strong>Wsp\u00f3\u0142praca<\/strong>\u00a0z odbiorcami odbywa si\u0119 przede wszystkim na podstawie wieloletnich um\u00f3w, co gwarantuje zar\u00f3wno naszym odbiorcom jak i nam samym pewno\u015b\u0107 oraz stabilno\u015b\u0107.<\/p>\t\t\t\t\t\t\t\t<\/div>\n\t\t\t\t<\/div>\n\t\t\t\t\t<\/div>\n\t\t<\/div>\n\t\t\t\t\t<\/div>\n\t\t<\/section>\n\t\t\t\t<section class=\"elementor-section elementor-inner-section elementor-element elementor-element-157052cf elementor-reverse-mobile elementor-section-boxed elementor-section-height-default elementor-section-height-default\" data-id=\"157052cf\" data-element_type=\"section\">\n\t\t\t\t\t\t<div class=\"elementor-container elementor-column-gap-default\">\n\t\t\t\t\t<div class=\"elementor-column elementor-col-50 elementor-inner-column elementor-element elementor-element-242dd4e1\" data-id=\"242dd4e1\" data-element_type=\"column\" data-settings=\"{&quot;background_background&quot;:&quot;classic&quot;}\">\n\t\t\t<div class=\"elementor-widget-wrap elementor-element-populated\">\n\t\t\t\t\t\t<div class=\"elementor-element elementor-element-2ec706fd elementor-widget elementor-widget-heading\" data-id=\"2ec706fd\" data-element_type=\"widget\" data-widget_type=\"heading.default\">\n\t\t\t\t<div class=\"elementor-widget-container\">\n\t\t\t\t\t<h3 class=\"elementor-heading-title elementor-size-default\">Dzia\u0142alno\u015b\u0107 Handlowa firmy<\/h3>\t\t\t\t<\/div>\n\t\t\t\t<\/div>\n\t\t\t\t<div class=\"elementor-element elementor-element-2d445d9 elementor-widget elementor-widget-text-editor\" data-id=\"2d445d9\" data-element_type=\"widget\" data-widget_type=\"text-editor.default\">\n\t\t\t\t<div class=\"elementor-widget-container\">\n\t\t\t\t\t\t\t\t\t<p>koncentruje si\u0119 wok\u00f3\u0142 handlu piaskami i mieszankami we wszelkich asortymentach i klasach dost\u0119pnych na polskim rynku kruszyw budowlanych. Dotychczasowe do\u015bwiadczenie w handlu na rynku krajowym pozwoli\u0142o nam ugruntowa\u0107 nasz\u0105 pozycj\u0119 rzetelnego dostawcy.<\/p>\t\t\t\t\t\t\t\t<\/div>\n\t\t\t\t<\/div>\n\t\t\t\t<div class=\"elementor-element elementor-element-2ef78d6 elementor-widget-divider--view-line elementor-invisible elementor-widget elementor-widget-divider\" data-id=\"2ef78d6\" data-element_type=\"widget\" data-settings=\"{&quot;_animation&quot;:&quot;fadeIn&quot;,&quot;_animation_delay&quot;:200}\" data-widget_type=\"divider.default\">\n\t\t\t\t<div class=\"elementor-widget-container\">\n\t\t\t\t\t\t\t<div class=\"elementor-divider\">\n\t\t\t<span class=\"elementor-divider-separator\">\n\t\t\t\t\t\t<\/span>\n\t\t<\/div>\n\t\t\t\t\t\t<\/div>\n\t\t\t\t<\/div>\n\t\t\t\t\t<\/div>\n\t\t<\/div>\n\t\t\t\t<div class=\"elementor-column elementor-col-50 elementor-inner-column elementor-element elementor-element-1966de78\" data-id=\"1966de78\" data-element_type=\"column\">\n\t\t\t<div class=\"elementor-widget-wrap elementor-element-populated\">\n\t\t\t\t\t\t<div class=\"elementor-element elementor-element-3a50deae elementor-widget elementor-widget-image\" data-id=\"3a50deae\" data-element_type=\"widget\" data-widget_type=\"image.default\">\n\t\t\t\t<div class=\"elementor-widget-container\">\n\t\t\t\t\t\t\t\t\t\t\t\t\t\t\t<img decoding=\"async\" width=\"800\" height=\"450\" src=\"https:\/\/www.zwirprom.pl\/wp-content\/uploads\/2025\/02\/20240405_113412-1024x576.jpg\" class=\"elementor-animation-hang attachment-large size-large wp-image-187\" alt=\"\u017cwir prom\" srcset=\"https:\/\/www.zwirprom.pl\/wp-content\/uploads\/2025\/02\/20240405_113412-1024x576.jpg 1024w, https:\/\/www.zwirprom.pl\/wp-content\/uploads\/2025\/02\/20240405_113412-300x169.jpg 300w, https:\/\/www.zwirprom.pl\/wp-content\/uploads\/2025\/02\/20240405_113412-768x432.jpg 768w, https:\/\/www.zwirprom.pl\/wp-content\/uploads\/2025\/02\/20240405_113412-1536x864.jpg 1536w, https:\/\/www.zwirprom.pl\/wp-content\/uploads\/2025\/02\/20240405_113412-2048x1152.jpg 2048w\" sizes=\"(max-width: 800px) 100vw, 800px\" \/>\t\t\t\t\t\t\t\t\t\t\t\t\t\t\t<\/div>\n\t\t\t\t<\/div>\n\t\t\t\t\t<\/div>\n\t\t<\/div>\n\t\t\t\t\t<\/div>\n\t\t<\/section>\n\t\t\t\t\t<\/div>\n\t\t<\/div>\n\t\t\t\t\t<\/div>\n\t\t<\/section>\n\t\t\t\t<\/div>\n\t\t","protected":false},"excerpt":{"rendered":"<p>\u017bwir-Prom Sp\u00f3\u0142ka z o.o. NAJWI\u0118KSZY PRODUCENT I SPRZEDAWCA KRUSZYW BUDOWLANYCH W REGIONIE Jeste\u015bmy nowoczesn\u0105 oraz dynamicznie zarz\u0105dzan\u0105 firm\u0105, w kt\u00f3rej pracuje energiczna i profesjonalna kadra, b\u0119d\u0105ca w stanie sprosta\u0107 wszelkim wymaganiom klienta. Dzia\u0142alno\u015b\u0107 handlowa\u00a0firmy koncentruje si\u0119 wok\u00f3\u0142 wydobycia i handlu kruszywani budowlanymi we wszelkich asortymentach i klasach dost\u0119pnych na polskim rynku. Sprzeda\u017c\u0105 kruszyw zajmujemy si\u0119 [&hellip;]<\/p>\n","protected":false},"author":1,"featured_media":0,"parent":0,"menu_order":0,"comment_status":"closed","ping_status":"closed","template":"","meta":{"footnotes":""},"class_list":["post-19","page","type-page","status-publish","hentry"],"_links":{"self":[{"href":"https:\/\/www.zwirprom.pl\/index.php\/wp-json\/wp\/v2\/pages\/19","targetHints":{"allow":["GET"]}}],"collection":[{"href":"https:\/\/www.zwirprom.pl\/index.php\/wp-json\/wp\/v2\/pages"}],"about":[{"href":"https:\/\/www.zwirprom.pl\/index.php\/wp-json\/wp\/v2\/types\/page"}],"author":[{"embeddable":true,"href":"https:\/\/www.zwirprom.pl\/index.php\/wp-json\/wp\/v2\/users\/1"}],"replies":[{"embeddable":true,"href":"https:\/\/www.zwirprom.pl\/index.php\/wp-json\/wp\/v2\/comments?post=19"}],"version-history":[{"count":31,"href":"https:\/\/www.zwirprom.pl\/index.php\/wp-json\/wp\/v2\/pages\/19\/revisions"}],"predecessor-version":[{"id":206,"href":"https:\/\/www.zwirprom.pl\/index.php\/wp-json\/wp\/v2\/pages\/19\/revisions\/206"}],"wp:attachment":[{"href":"https:\/\/www.zwirprom.pl\/index.php\/wp-json\/wp\/v2\/media?parent=19"}],"curies":[{"name":"wp","href":"https:\/\/api.w.org\/{rel}","templated":true}]}}